{"id":38162,"date":"2023-12-22T11:00:13","date_gmt":"2023-12-22T10:00:13","guid":{"rendered":"https:\/\/le12.ma\/fr\/?page_id=38162"},"modified":"2023-12-22T12:39:10","modified_gmt":"2023-12-22T11:39:10","slug":"signature-dune-convention-de-partenariat-pour-la-mise-en-oeuvre-du-dispositif-de-laide-directe-au-logement","status":"publish","type":"page","link":"https:\/\/le12.ma\/fr\/signature-dune-convention-de-partenariat-pour-la-mise-en-oeuvre-du-dispositif-de-laide-directe-au-logement\/","title":{"rendered":"Signature d&rsquo;une convention de partenariat pour la mise en \u0153uvre du dispositif de \u00ab\u00a0l\u2019Aide directe au logement\u00a0\u00bb"},"content":{"rendered":"<h2><strong>Le minist\u00e8re de l\u2019Am\u00e9nagement du territoire national, de l\u2019Urbanisme, de l\u2019Habitat et de la Politique de la ville et le Conseil National de l&rsquo;Ordre des Notaires du Maroc, ont conclu, mercredi \u00e0 Rabat, une convention de partenariat, dans le cadre des derniers pr\u00e9paratifs pr\u00e9c\u00e9dant la mise en \u0153uvre du <a href=\"https:\/\/www.medi1news.com\/fr\/article\/303542.html\">programme<\/a> d\u2019Aide directe au logement, pr\u00e9vue pour le 1er janvier 2024.<\/strong><\/h2>\n<p><strong><br \/>\n<\/strong><strong>Sign\u00e9e par la ministre de l\u2019Am\u00e9nagement du territoire national, de l\u2019Urbanisme, de l\u2019Habitat et de la Politique de la ville, Fatima Ezzahra El Mansouri et le pr\u00e9sident du Conseil National de l&rsquo;Ordre des Notaires du Maroc, Hicham Sabiry, cette convention vise \u00e0 assurer l\u2019accompagnement et le soutien des citoyens par les notaires, \u00e0 travers tout le Royaume, tout au long du <a href=\"https:\/\/le12.ma\/fr\/fondation-mohammed-vi-8-000-beneficiaires-du-programme-imtilak-daide-au-logement-pour-la-famille-de-lenseignement\/\">processus d\u2019octroi<\/a> de l\u2019aide directe au logement (2024-2028), indique le minist\u00e8re dans un communiqu\u00e9.<\/p>\n<p>Elle permettra \u00e9galement l\u2019application d\u2019une tarification globale des notaires n\u2019exc\u00e9dant pas 2.500DH TTC, au lieu d\u2019environ 6000DH TTC, pr\u00e9cise la m\u00eame source, soulignant que ce montant englobe les honoraires du notaire, ainsi que les frais du dossier incluant l\u2019ensemble du processus, depuis l\u2019\u00e9tablissement du compromis de vente jusqu\u2019\u00e0 l\u2019obtention du certificat de propri\u00e9t\u00e9, en dehors des frais de l\u2019Etat, et ce en faveur des citoyens d\u00e9sirant acqu\u00e9rir un logement dont le prix de vente est inf\u00e9rieur ou \u00e9gal \u00e0 300.000 Dirhams TTC.<\/p>\n<p>A cette occasion, Mme El Mansouri a indiqu\u00e9 que ce partenariat avec les notaires est une nouvelle \u00e9tape significative franchie dans le cadre de la mise en \u0153uvre du nouveau dispositif de l\u2019aide directe au logement, lanc\u00e9 par SM le Roi Mohammed VI, que Dieu L\u2019assiste, notant qu&rsquo;il permettra de renforcer l\u2019appui de la demande des classes sociales cibl\u00e9es pour acc\u00e9der \u00e0 un logement d\u00e9cent et pour une meilleure inclusion sociale.<\/p>\n<p>Et d\u2019ajouter que \u00ab\u00a0l\u2019adh\u00e9sion de l\u2019ensemble des partenaires concern\u00e9s, notamment les notaires est d\u2019une grande importance pour garantir la r\u00e9ussite de ce chantier Royal visant \u00e0 soutenir la demande, \u00e0 booster le march\u00e9 de l\u2019immobilier et par ricochet l\u2019investissement dans le secteur. Nous n\u2019avons d\u2019autres choix que de r\u00e9ussir ce dispositif pour mieux r\u00e9pondre aux attentes des Marocains, tel que souhait\u00e9 par Sa Majest\u00e9 le Roi, que Dieu L&rsquo;assiste\u00a0\u00bb.<\/p>\n<p>La ministre a \u00e9galement rappel\u00e9 les grandes lignes du nouveau programme d\u2019aide directe au logement visant \u00e0 am\u00e9liorer le cadre de vie des citoyens, aussi bien dans le milieu urbain que le milieu rural, d\u00e9sirant acqu\u00e9rir un logement principal, poursuit le communiqu\u00e9, indiquant que ce nouveau dispositif participera au renforcement du pouvoir d\u2019achat des acqu\u00e9reurs, gr\u00e2ce \u00e0 la mise en place d\u2019une aide directe aux classes sociales et \u00e0 la classe moyenne d\u2019un montant de 100 000DH pour l\u2019achat d\u2019un logement \u00e0 un prix inf\u00e9rieur ou \u00e9gal \u00e0 300 000DH TTC et de 70 000DH pour l\u2019achat d\u2019un logement dont le prix est sup\u00e9rieur \u00e0 300 000DH TTC et inf\u00e9rieur ou \u00e9gal \u00e0 700 000DH TTC .<\/p>\n<p>En vue d\u2019accompagner et de garantir la r\u00e9ussite de ce dispositif, le minist\u00e8re ambitionne de digitaliser le processus de suivi, de gestion et d\u2019\u00e9valuation de la d\u00e9marche d\u2019octroi et de mise en \u0153uvre de l\u2019aide aux acqu\u00e9reurs \u00e0 travers la mise en \u0153uvre d\u2019une plateforme digitalis\u00e9e \u00ab\u00a0DAAM SAKANE\u00a0\u00bb, permettant d\u2019assurer le partage des donn\u00e9es entre les diff\u00e9rents partenaires cl\u00e9s pour la mise en \u0153uvre dudit dispositif, conclut le communiqu\u00e9.<\/strong><\/p>\n","protected":false},"excerpt":{"rendered":"<p>Le minist\u00e8re de l\u2019Am\u00e9nagement du territoire national, de l\u2019Urbanisme, de l\u2019Habitat et de la Politique de la ville et le Conseil National de l&rsquo;Ordre des Notaires du Maroc, ont conclu, mercredi \u00e0 Rabat, une convention de partenariat, dans le cadre des derniers pr\u00e9paratifs pr\u00e9c\u00e9dant la mise en \u0153uvre du programme d\u2019Aide directe au logement, pr\u00e9vue [&hellip;]<\/p>\n","protected":false},"author":2,"featured_media":38163,"parent":0,"menu_order":0,"comment_status":"closed","ping_status":"closed","template":"","meta":[],"yst_prominent_words":[1936],"_links":{"self":[{"href":"https:\/\/le12.ma\/fr\/wp-json\/wp\/v2\/pages\/38162"}],"collection":[{"href":"https:\/\/le12.ma\/fr\/wp-json\/wp\/v2\/pages"}],"about":[{"href":"https:\/\/le12.ma\/fr\/wp-json\/wp\/v2\/types\/page"}],"author":[{"embeddable":true,"href":"https:\/\/le12.ma\/fr\/wp-json\/wp\/v2\/users\/2"}],"replies":[{"embeddable":true,"href":"https:\/\/le12.ma\/fr\/wp-json\/wp\/v2\/comments?post=38162"}],"version-history":[{"count":1,"href":"https:\/\/le12.ma\/fr\/wp-json\/wp\/v2\/pages\/38162\/revisions"}],"predecessor-version":[{"id":38164,"href":"https:\/\/le12.ma\/fr\/wp-json\/wp\/v2\/pages\/38162\/revisions\/38164"}],"wp:featuredmedia":[{"embeddable":true,"href":"https:\/\/le12.ma\/fr\/wp-json\/wp\/v2\/media\/38163"}],"wp:attachment":[{"href":"https:\/\/le12.ma\/fr\/wp-json\/wp\/v2\/media?parent=38162"}],"wp:term":[{"taxonomy":"yst_prominent_words","embeddable":true,"href":"https:\/\/le12.ma\/fr\/wp-json\/wp\/v2\/yst_prominent_words?post=38162"}],"curies":[{"name":"wp","href":"https:\/\/api.w.org\/{rel}","templated":true}]}}